{"id":106,"date":"2017-12-03T10:58:49","date_gmt":"2017-12-03T11:58:49","guid":{"rendered":"http:\/\/www.alquilereshr.es\/?page_id=106"},"modified":"2019-02-13T11:40:31","modified_gmt":"2019-02-13T12:40:31","slug":"contacto-e-informacion","status":"publish","type":"page","link":"http:\/\/www.alquilereshr.es\/index.php\/contacto-e-informacion\/","title":{"rendered":"Contacto e informaci\u00f3n"},"content":{"rendered":"<p><span style=\"color: #000080;\">Alquileres Hermanos Riesco<img loading=\"lazy\" class=\"alignnone size-full wp-image-116\" src=\"http:\/\/www.alquilereshr.es\/wp-content\/uploads\/2017\/12\/logo-1.jpg\" alt=\"\" width=\"273\" height=\"156\" \/><\/span><\/p>\n<p style=\"padding-left: 30px;\"><span style=\"color: #000080;\">Calle Fuero portal n\u00ba 5, 1\u00ba izquierda<br \/>\n24004 Le\u00f3n<br \/>\nEspa\u00f1a<br \/>\nCorreo electr\u00f3nico:<br \/>\ncontacto@alquilereshr.es<br \/>\ninfo@alquilereshr.es<br \/>\nTel\u00e9fono:<br \/>\nFijo: 987 03 42 29<br \/>\nm\u00f3vil : 675916300<\/span><\/p>\n<p><span style=\"color: #000080;\">Colaboradores. Temas urbanisticos, arquitectonicos, t\u00e9cnicos :<\/span><\/p>\n<p><span style=\"color: #000080;\">Estudio de Arquitectura asociado :<\/span><\/p>\n<p style=\"padding-left: 30px;\"><span style=\"color: #000080;\">ESTUDIO CESAR GARCIA FERNANDEZ<br \/>\naV CONDESA n\u00ba 2 1\u00ba<br \/>\n24001 LEON<br \/>\nTfno estudio 987 22 87 85<br \/>\nM\u00f3vil 679081886<br \/>\ndir correo electronico cersar.garcia@coal.es<\/span><\/p>\n<p><span style=\"color: #000080;\">Temas legales y procesales:<\/span><\/p>\n<p style=\"padding-left: 30px;\"><span style=\"color: #000080;\">DESPACHO ABOGADO JUAN MARCOS FERNANDEZ MARTINEZ<br \/>\nGran Via de S. Marcos N\u00ba 12 5\u00ba dcha<br \/>\n24002 Leon<br \/>\nTfno despacho 987 24 73 63<br \/>\nM\u00f3vil 629262075<br \/>\nDir correo electronico : tendalin@gmail.com<\/span><\/p>\n<p><span style=\"color: #000080;\">Temas contables y gestiones diversas:<\/span><\/p>\n<p style=\"padding-left: 30px;\"><span style=\"color: #000080;\">CONSULTORES DE CALCULO EMPRESARIAL<br \/>\nC\/Juan Madrazo N\u00ba 16 bajo<br \/>\n24002 Le\u00f3n<br \/>\nTfno oficina 987 07 13 49<br \/>\nM\u00f3vil 675353219<br \/>\nDir coreo electronico : oficina@ccem.onored.com<\/span><\/p>\n","protected":false},"excerpt":{"rendered":"<p>Alquileres Hermanos Riesco Calle Fuero portal n\u00ba 5, 1\u00ba izquierda 24004 Le\u00f3n Espa\u00f1a Correo electr\u00f3nico: contacto@alquilereshr.es info@alquilereshr.es Tel\u00e9fono: Fijo: 987 03 42 29 m\u00f3vil : 675916300 Colaboradores. Temas urbanisticos, arquitectonicos, t\u00e9cnicos : Estudio de Arquitectura asociado : ESTUDIO CESAR GARCIA FERNANDEZ aV CONDESA n\u00ba 2 1\u00ba 24001 LEON Tfno estudio 987 22 87 85 M\u00f3vil &hellip; <\/p>\n<p class=\"link-more\"><a href=\"http:\/\/www.alquilereshr.es\/index.php\/contacto-e-informacion\/\" class=\"more-link\">Continuar leyendo<span class=\"screen-reader-text\"> \u00abContacto e informaci\u00f3n\u00bb<\/span><\/a><\/p>\n","protected":false},"author":1,"featured_media":0,"parent":0,"menu_order":0,"comment_status":"closed","ping_status":"closed","template":"","meta":[],"_links":{"self":[{"href":"http:\/\/www.alquilereshr.es\/index.php\/wp-json\/wp\/v2\/pages\/106"}],"collection":[{"href":"http:\/\/www.alquilereshr.es\/index.php\/wp-json\/wp\/v2\/pages"}],"about":[{"href":"http:\/\/www.alquilereshr.es\/index.php\/wp-json\/wp\/v2\/types\/page"}],"author":[{"embeddable":true,"href":"http:\/\/www.alquilereshr.es\/index.php\/wp-json\/wp\/v2\/users\/1"}],"replies":[{"embeddable":true,"href":"http:\/\/www.alquilereshr.es\/index.php\/wp-json\/wp\/v2\/comments?post=106"}],"version-history":[{"count":5,"href":"http:\/\/www.alquilereshr.es\/index.php\/wp-json\/wp\/v2\/pages\/106\/revisions"}],"predecessor-version":[{"id":204,"href":"http:\/\/www.alquilereshr.es\/index.php\/wp-json\/wp\/v2\/pages\/106\/revisions\/204"}],"wp:attachment":[{"href":"http:\/\/www.alquilereshr.es\/index.php\/wp-json\/wp\/v2\/media?parent=106"}],"curies":[{"name":"wp","href":"https:\/\/api.w.org\/{rel}","templated":true}]}}