{"id":67,"date":"2017-11-29T16:33:41","date_gmt":"2017-11-29T17:33:41","guid":{"rendered":"http:\/\/www.alquilereshr.es\/?page_id=67"},"modified":"2017-12-09T09:38:16","modified_gmt":"2017-12-09T10:38:16","slug":"pisos-en-leon","status":"publish","type":"page","link":"http:\/\/www.alquilereshr.es\/index.php\/pisos-en-leon\/","title":{"rendered":"Pisos en Le\u00f3n"},"content":{"rendered":"<p>Nuestra oferta de pisos en Le\u00f3n est\u00e1 constituida por varios pisos:<img loading=\"lazy\" class=\"size-full wp-image-116 alignright\" src=\"http:\/\/www.alquilereshr.es\/wp-content\/uploads\/2017\/12\/logo-1.jpg\" alt=\"\" width=\"273\" height=\"156\" \/><\/p>\n<p>Piso 1<\/p>\n<p>Piso 2<\/p>\n<p>Piso 3<\/p>\n","protected":false},"excerpt":{"rendered":"<p>Nuestra oferta de pisos en Le\u00f3n est\u00e1 constituida por varios pisos: Piso 1 Piso 2 Piso 3<\/p>\n","protected":false},"author":1,"featured_media":0,"parent":0,"menu_order":0,"comment_status":"closed","ping_status":"closed","template":"","meta":[],"_links":{"self":[{"href":"http:\/\/www.alquilereshr.es\/index.php\/wp-json\/wp\/v2\/pages\/67"}],"collection":[{"href":"http:\/\/www.alquilereshr.es\/index.php\/wp-json\/wp\/v2\/pages"}],"about":[{"href":"http:\/\/www.alquilereshr.es\/index.php\/wp-json\/wp\/v2\/types\/page"}],"author":[{"embeddable":true,"href":"http:\/\/www.alquilereshr.es\/index.php\/wp-json\/wp\/v2\/users\/1"}],"replies":[{"embeddable":true,"href":"http:\/\/www.alquilereshr.es\/index.php\/wp-json\/wp\/v2\/comments?post=67"}],"version-history":[{"count":2,"href":"http:\/\/www.alquilereshr.es\/index.php\/wp-json\/wp\/v2\/pages\/67\/revisions"}],"predecessor-version":[{"id":121,"href":"http:\/\/www.alquilereshr.es\/index.php\/wp-json\/wp\/v2\/pages\/67\/revisions\/121"}],"wp:attachment":[{"href":"http:\/\/www.alquilereshr.es\/index.php\/wp-json\/wp\/v2\/media?parent=67"}],"curies":[{"name":"wp","href":"https:\/\/api.w.org\/{rel}","templated":true}]}}